{"id":897,"date":"2019-04-02T02:29:08","date_gmt":"2019-04-02T02:29:08","guid":{"rendered":"https:\/\/bajadreamhomes.com\/about-us\/"},"modified":"2024-01-27T16:40:06","modified_gmt":"2024-01-28T00:40:06","slug":"about-us","status":"publish","type":"page","link":"https:\/\/bajadreamhomes.com\/es\/about-us\/","title":{"rendered":"About Us"},"content":{"rendered":"<div data-elementor-type=\"wp-post\" data-elementor-id=\"897\" class=\"elementor elementor-897\">\n\t\t\t\t<div class=\"elementor-element elementor-element-632cc97 e-flex e-con-boxed e-con e-parent\" data-id=\"632cc97\" data-element_type=\"container\" data-e-type=\"container\" data-settings=\"{&quot;background_background&quot;:&quot;classic&quot;}\">\n\t\t\t\t\t<div class=\"e-con-inner\">\n\t\t<div class=\"elementor-element elementor-element-bbcd2a3 e-con-full e-flex e-con e-child\" data-id=\"bbcd2a3\" data-element_type=\"container\" data-e-type=\"container\">\n\t\t\t\t<div class=\"elementor-element elementor-element-9fee128 elementor-widget elementor-widget-heading\" data-id=\"9fee128\" data-element_type=\"widget\" data-e-type=\"widget\" data-widget_type=\"heading.default\">\n\t\t\t\t<div class=\"elementor-widget-container\">\n\t\t\t\t\t<h2 class=\"elementor-heading-title elementor-size-default\">Acerca de m\u00ed<\/h2>\t\t\t\t<\/div>\n\t\t\t\t<\/div>\n\t\t\t\t<div class=\"elementor-element elementor-element-fc7fc5b elementor-widget-divider--view-line elementor-widget elementor-widget-divider\" data-id=\"fc7fc5b\" data-element_type=\"widget\" data-e-type=\"widget\" data-widget_type=\"divider.default\">\n\t\t\t\t<div class=\"elementor-widget-container\">\n\t\t\t\t\t\t\t<div class=\"elementor-divider\">\n\t\t\t<span class=\"elementor-divider-separator\">\n\t\t\t\t\t\t<\/span>\n\t\t<\/div>\n\t\t\t\t\t\t<\/div>\n\t\t\t\t<\/div>\n\t\t\t\t<\/div>\n\t\t\t\t\t<\/div>\n\t\t\t\t<\/div>\n\t\t<div class=\"elementor-element elementor-element-92c30bd e-flex e-con-boxed e-con e-parent\" data-id=\"92c30bd\" data-element_type=\"container\" data-e-type=\"container\" data-settings=\"{&quot;background_background&quot;:&quot;classic&quot;}\">\n\t\t\t\t\t<div class=\"e-con-inner\">\n\t\t<div class=\"elementor-element elementor-element-144d0ca e-con-full e-flex e-con e-child\" data-id=\"144d0ca\" data-element_type=\"container\" data-e-type=\"container\">\n\t\t\t\t<div class=\"elementor-element elementor-element-9bc3135 elementor-widget elementor-widget-heading\" data-id=\"9bc3135\" data-element_type=\"widget\" data-e-type=\"widget\" data-widget_type=\"heading.default\">\n\t\t\t\t<div class=\"elementor-widget-container\">\n\t\t\t\t\t<h2 class=\"elementor-heading-title elementor-size-default\">Quien soy<\/h2>\t\t\t\t<\/div>\n\t\t\t\t<\/div>\n\t\t\t\t<div class=\"elementor-element elementor-element-90db065 elementor-widget-divider--view-line elementor-widget elementor-widget-divider\" data-id=\"90db065\" data-element_type=\"widget\" data-e-type=\"widget\" data-widget_type=\"divider.default\">\n\t\t\t\t<div class=\"elementor-widget-container\">\n\t\t\t\t\t\t\t<div class=\"elementor-divider\">\n\t\t\t<span class=\"elementor-divider-separator\">\n\t\t\t\t\t\t<\/span>\n\t\t<\/div>\n\t\t\t\t\t\t<\/div>\n\t\t\t\t<\/div>\n\t\t<div class=\"elementor-element elementor-element-9687d53 e-flex e-con-boxed e-con e-child\" data-id=\"9687d53\" data-element_type=\"container\" data-e-type=\"container\" data-settings=\"{&quot;background_background&quot;:&quot;classic&quot;}\">\n\t\t\t\t\t<div class=\"e-con-inner\">\n\t\t<div class=\"elementor-element elementor-element-b2f2996 e-con-full e-flex e-con e-child\" data-id=\"b2f2996\" data-element_type=\"container\" data-e-type=\"container\">\n\t\t\t\t<div class=\"elementor-element elementor-element-4828bd5 elementor-widget elementor-widget-heading\" data-id=\"4828bd5\" data-element_type=\"widget\" data-e-type=\"widget\" data-widget_type=\"heading.default\">\n\t\t\t\t<div class=\"elementor-widget-container\">\n\t\t\t\t\t<h6 class=\"elementor-heading-title elementor-size-default\"><h5 style=\"font-style: normal\">Hola, soy Dinora Soto, tu profesional inmobiliaria dedicada a convertir en realidad tus deseos inmobiliarios .<\/h5><\/h6>\t\t\t\t<\/div>\n\t\t\t\t<\/div>\n\t\t\t\t<div class=\"elementor-element elementor-element-5aa1688 elementor-widget elementor-widget-text-editor\" data-id=\"5aa1688\" data-element_type=\"widget\" data-e-type=\"widget\" data-widget_type=\"text-editor.default\">\n\t\t\t\t<div class=\"elementor-widget-container\">\n\t\t\t\t\t\t\t\t\t<p>Me tomo el tiempo para comprender verdaderamente tus necesidades y aspiraciones \u00fanicas. Ya sea que est\u00e9s comprando, vendiendo o invirtiendo, mi enfoque diligente significa que estar\u00e9 contigo en cada paso del camino. Creo en hacer las cosas bien, con atenci\u00f3n al detalle y un compromiso con la integridad y el profesionalismo.<\/p><p>Tu satisfacci\u00f3n es mi m\u00e1xima prioridad. Estoy aqu\u00ed para guiarte a trav\u00e9s de las complejidades del mercado inmobiliario, brind\u00e1ndote experiencia y una dedicaci\u00f3n genuina a tu \u00e9xito.<\/p>\t\t\t\t\t\t\t\t<\/div>\n\t\t\t\t<\/div>\n\t\t\t\t<\/div>\n\t\t<div class=\"elementor-element elementor-element-c3e6dda e-con-full e-flex e-con e-child\" data-id=\"c3e6dda\" data-element_type=\"container\" data-e-type=\"container\">\n\t\t\t\t<div class=\"elementor-element elementor-element-0f05072 elementor-widget elementor-widget-heading\" data-id=\"0f05072\" data-element_type=\"widget\" data-e-type=\"widget\" data-widget_type=\"heading.default\">\n\t\t\t\t<div class=\"elementor-widget-container\">\n\t\t\t\t\t<h4 class=\"elementor-heading-title elementor-size-default\">Mi experiencia<\/h4>\t\t\t\t<\/div>\n\t\t\t\t<\/div>\n\t\t\t\t<div class=\"elementor-element elementor-element-69b97be elementor-widget elementor-widget-text-editor\" data-id=\"69b97be\" data-element_type=\"widget\" data-e-type=\"widget\" data-widget_type=\"text-editor.default\">\n\t\t\t\t<div class=\"elementor-widget-container\">\n\t\t\t\t\t\t\t\t\t<p>Soy Dinora, una apasionada profesional inmobiliaria con m\u00e1s de 20 a\u00f1os de experiencia en Playas de Rosarito. Con una maestr\u00eda en administraci\u00f3n tur\u00edstica, aporto un profundo conocimiento de las particularidades locales, desde joyas escondidas hasta vecindarios codiciados. Especializ\u00e1ndome en la venta de propiedades residenciales, me enorgullece guiar a mis clientes de manera eficiente a trav\u00e9s del proceso de compra o venta. Mi experiencia en la gesti\u00f3n del proceso de escrow garantiza una experiencia sin estr\u00e9s, permiti\u00e9ndote concentrarte en la emoci\u00f3n de tu nuevo hogar o inversi\u00f3n.<\/p>\t\t\t\t\t\t\t\t<\/div>\n\t\t\t\t<\/div>\n\t\t\t\t<\/div>\n\t\t\t\t\t<\/div>\n\t\t\t\t<\/div>\n\t\t\t\t<\/div>\n\t\t\t\t\t<\/div>\n\t\t\t\t<\/div>\n\t\t<div class=\"elementor-element elementor-element-eb655d5 e-con-full e-flex e-con e-parent\" data-id=\"eb655d5\" data-element_type=\"container\" data-e-type=\"container\" data-settings=\"{&quot;background_background&quot;:&quot;classic&quot;}\">\n\t\t<div class=\"elementor-element elementor-element-6b26107 e-con-full e-flex e-con e-child\" data-id=\"6b26107\" data-element_type=\"container\" data-e-type=\"container\">\n\t\t\t\t<div class=\"elementor-element elementor-element-9fc25c3 elementor-widget elementor-widget-image\" data-id=\"9fc25c3\" data-element_type=\"widget\" data-e-type=\"widget\" data-widget_type=\"image.default\">\n\t\t\t\t<div class=\"elementor-widget-container\">\n\t\t\t\t\t\t\t\t\t\t\t\t\t\t\t<img fetchpriority=\"high\" decoding=\"async\" width=\"2048\" height=\"1024\" src=\"https:\/\/bajadreamhomes.com\/wp-content\/uploads\/2024\/01\/Banner-capacitacion-emprendimiento-llamativo-lila-2048x1024.png\" class=\"attachment-2048x2048 size-2048x2048 wp-image-960\" alt=\"\" srcset=\"https:\/\/bajadreamhomes.com\/wp-content\/uploads\/2024\/01\/Banner-capacitacion-emprendimiento-llamativo-lila-2048x1024.png.webp 2048w, https:\/\/bajadreamhomes.com\/wp-content\/uploads\/2024\/01\/Banner-capacitacion-emprendimiento-llamativo-lila-300x150.png.webp 300w, https:\/\/bajadreamhomes.com\/wp-content\/uploads\/2024\/01\/Banner-capacitacion-emprendimiento-llamativo-lila-1024x512.png.webp 1024w, https:\/\/bajadreamhomes.com\/wp-content\/uploads\/2024\/01\/Banner-capacitacion-emprendimiento-llamativo-lila-768x384.png.webp 768w, https:\/\/bajadreamhomes.com\/wp-content\/uploads\/2024\/01\/Banner-capacitacion-emprendimiento-llamativo-lila-1536x768.png.webp 1536w\" sizes=\"(max-width: 2048px) 100vw, 2048px\" \/>\t\t\t\t\t\t\t\t\t\t\t\t\t\t\t<\/div>\n\t\t\t\t<\/div>\n\t\t\t\t<\/div>\n\t\t\t\t<\/div>\n\t\t\t\t<\/div>","protected":false},"excerpt":{"rendered":"<p>About Me Who I am Hello, I&#8217;m Dinora Soto, your dedicated real estate professional ready to turn your property dreams into a reality. I take the time to truly understand your unique needs and aspirations. Whether you\u2019re buying, selling, or investing, my\u00a0 diligent approach means I\u2019m with you every step of the way. I believe [&hellip;]<\/p>\n","protected":false},"author":1,"featured_media":0,"parent":0,"menu_order":0,"comment_status":"closed","ping_status":"closed","template":"","meta":{"_acf_changed":false,"site-sidebar-layout":"no-sidebar","site-content-layout":"page-builder","ast-site-content-layout":"default","site-content-style":"default","site-sidebar-style":"default","ast-global-header-display":"","ast-banner-title-visibility":"","ast-main-header-display":"","ast-hfb-above-header-display":"","ast-hfb-below-header-display":"","ast-hfb-mobile-header-display":"","site-post-title":"disabled","ast-breadcrumbs-content":"disabled","ast-featured-img":"disabled","footer-sml-layout":"","ast-disable-related-posts":"","theme-transparent-header-meta":"enabled","adv-header-id-meta":"","stick-header-meta":"","header-above-stick-meta":"","header-main-stick-meta":"","header-below-stick-meta":"","astra-migrate-meta-layouts":"default","ast-page-background-enabled":"default","ast-page-background-meta":{"desktop":{"background-color":"","background-image":"","background-repeat":"repeat","background-position":"center center","background-size":"auto","background-attachment":"scroll","background-type":"","background-media":"","overlay-type":"","overlay-color":"","overlay-opacity":"","overlay-gradient":""},"tablet":{"background-color":"","background-image":"","background-repeat":"repeat","background-position":"center center","background-size":"auto","background-attachment":"scroll","background-type":"","background-media":"","overlay-type":"","overlay-color":"","overlay-opacity":"","overlay-gradient":""},"mobile":{"background-color":"","background-image":"","background-repeat":"repeat","background-position":"center center","background-size":"auto","background-attachment":"scroll","background-type":"","background-media":"","overlay-type":"","overlay-color":"","overlay-opacity":"","overlay-gradient":""}},"ast-content-background-meta":{"desktop":{"background-color":"var(--ast-global-color-5)","background-image":"","background-repeat":"repeat","background-position":"center center","background-size":"auto","background-attachment":"scroll","background-type":"","background-media":"","overlay-type":"","overlay-color":"","overlay-opacity":"","overlay-gradient":""},"tablet":{"background-color":"var(--ast-global-color-5)","background-image":"","background-repeat":"repeat","background-position":"center center","background-size":"auto","background-attachment":"scroll","background-type":"","background-media":"","overlay-type":"","overlay-color":"","overlay-opacity":"","overlay-gradient":""},"mobile":{"background-color":"var(--ast-global-color-5)","background-image":"","background-repeat":"repeat","background-position":"center center","background-size":"auto","background-attachment":"scroll","background-type":"","background-media":"","overlay-type":"","overlay-color":"","overlay-opacity":"","overlay-gradient":""}},"footnotes":""},"class_list":["post-897","page","type-page","status-publish","hentry"],"acf":[],"jetpack_sharing_enabled":true,"_links":{"self":[{"href":"https:\/\/bajadreamhomes.com\/es\/wp-json\/wp\/v2\/pages\/897","targetHints":{"allow":["GET"]}}],"collection":[{"href":"https:\/\/bajadreamhomes.com\/es\/wp-json\/wp\/v2\/pages"}],"about":[{"href":"https:\/\/bajadreamhomes.com\/es\/wp-json\/wp\/v2\/types\/page"}],"author":[{"embeddable":true,"href":"https:\/\/bajadreamhomes.com\/es\/wp-json\/wp\/v2\/users\/1"}],"replies":[{"embeddable":true,"href":"https:\/\/bajadreamhomes.com\/es\/wp-json\/wp\/v2\/comments?post=897"}],"version-history":[{"count":6,"href":"https:\/\/bajadreamhomes.com\/es\/wp-json\/wp\/v2\/pages\/897\/revisions"}],"predecessor-version":[{"id":970,"href":"https:\/\/bajadreamhomes.com\/es\/wp-json\/wp\/v2\/pages\/897\/revisions\/970"}],"wp:attachment":[{"href":"https:\/\/bajadreamhomes.com\/es\/wp-json\/wp\/v2\/media?parent=897"}],"curies":[{"name":"wp","href":"https:\/\/api.w.org\/{rel}","templated":true}]}}